{"id":489,"date":"2021-05-26T15:22:02","date_gmt":"2021-05-26T13:22:02","guid":{"rendered":"https:\/\/www.visitrans.com\/?page_id=489"},"modified":"2025-01-21T18:59:49","modified_gmt":"2025-01-21T17:59:49","slug":"impressum","status":"publish","type":"page","link":"https:\/\/www.visitrans.com\/en\/impressum\/","title":{"rendered":"Imprint"},"content":{"rendered":"<div data-elementor-type=\"wp-page\" data-elementor-id=\"489\" class=\"elementor elementor-489\" data-elementor-post-type=\"page\">\n\t\t\t\t\t\t<section class=\"elementor-section elementor-top-section elementor-element elementor-element-50fb8da1 elementor-section-height-min-height elementor-section-content-middle elementor-section-boxed elementor-section-height-default elementor-section-items-middle\" data-id=\"50fb8da1\" data-element_type=\"section\" data-e-type=\"section\" data-settings=\"{&quot;background_background&quot;:&quot;classic&quot;}\">\n\t\t\t\t\t\t\t<div class=\"elementor-background-overlay\"><\/div>\n\t\t\t\t\t\t\t<div class=\"elementor-container elementor-column-gap-no\">\n\t\t\t\t\t<div class=\"elementor-column elementor-col-100 elementor-top-column elementor-element elementor-element-e72f5b4\" data-id=\"e72f5b4\" data-element_type=\"column\" data-e-type=\"column\">\n\t\t\t<div class=\"elementor-widget-wrap\">\n\t\t\t\t\t\t\t<\/div>\n\t\t<\/div>\n\t\t\t\t\t<\/div>\n\t\t<\/section>\n\t\t\t\t<section class=\"elementor-section elementor-top-section elementor-element elementor-element-778ca04 elementor-section-boxed elementor-section-height-default elementor-section-height-default\" data-id=\"778ca04\" data-element_type=\"section\" data-e-type=\"section\" data-settings=\"{&quot;background_background&quot;:&quot;classic&quot;}\">\n\t\t\t\t\t\t<div class=\"elementor-container elementor-column-gap-default\">\n\t\t\t\t\t<div class=\"elementor-column elementor-col-100 elementor-top-column elementor-element elementor-element-75d2784\" data-id=\"75d2784\" data-element_type=\"column\" data-e-type=\"column\">\n\t\t\t<div class=\"elementor-widget-wrap elementor-element-populated\">\n\t\t\t\t\t\t<div class=\"elementor-element elementor-element-a537820 elementor-widget elementor-widget-heading\" data-id=\"a537820\" data-element_type=\"widget\" data-e-type=\"widget\" data-widget_type=\"heading.default\">\n\t\t\t\t<div class=\"elementor-widget-container\">\n\t\t\t\t\t<h1 class=\"elementor-heading-title elementor-size-default\">Imprint<\/h1>\t\t\t\t<\/div>\n\t\t\t\t<\/div>\n\t\t\t\t<div class=\"elementor-element elementor-element-7f527af elementor-widget-divider--view-line elementor-widget elementor-widget-divider\" data-id=\"7f527af\" data-element_type=\"widget\" data-e-type=\"widget\" data-widget_type=\"divider.default\">\n\t\t\t\t<div class=\"elementor-widget-container\">\n\t\t\t\t\t\t\t<div class=\"elementor-divider\">\n\t\t\t<span class=\"elementor-divider-separator\">\n\t\t\t\t\t\t<\/span>\n\t\t<\/div>\n\t\t\t\t\t\t<\/div>\n\t\t\t\t<\/div>\n\t\t\t\t<div class=\"elementor-element elementor-element-3fd9632 elementor-widget elementor-widget-shortcode\" data-id=\"3fd9632\" data-element_type=\"widget\" data-e-type=\"widget\" data-no-translation=\"\" data-widget_type=\"shortcode.default\">\n\t\t\t\t<div class=\"elementor-widget-container\">\n\t\t\t\t\t<style>.elementor-element-3fd9632{display:none !important}<\/style>\t\t\t\t<\/div>\n\t\t\t\t<\/div>\n\t\t\t\t<div class=\"elementor-element elementor-element-5d81672 elementor-widget elementor-widget-shortcode\" data-id=\"5d81672\" data-element_type=\"widget\" data-e-type=\"widget\" data-no-translation=\"\" data-widget_type=\"shortcode.default\">\n\t\t\t\t<div class=\"elementor-widget-container\">\n\t\t\t\t\t\t\t<div class=\"elementor-shortcode\"><div class=\"vt-static-content\"><h2>Information provided according to Sec. 5 German Telemedia Act (TMG):<\/h2>\n<p>VisiTrans GmbH<br>Technologiepark 20<br>D-33100 Paderborn<\/p>\n<h2>Represented by:<\/h2>\n<p>Ralf Niemeier<\/p>\n<h2>Contact:<\/h2>\n<p>Telephone:&nbsp;+49 (0) 30 577143890<br>Email: <a href=\"mailto:info@visitrans.de\">info@visitrans.de<\/a><\/p>\n<h2>Register entry:<\/h2>\n<p>Entry in the Handelsregister. <br>Registering court:Amtsgericht Paderborn<br>Registration number: HRB 16125<\/p>\n<h2>VAT:<\/h2>\n<p>VAT Id number according to Sec. 27 a German Value Added Tax Act:<br>DE361910949<\/p>\n<h2>Dispute resolution<\/h2>\n<p>The European Commission provides a platform for online dispute resolution (OS): <a href=\"\\\" target=\"\\\" rel=\"noopener noreferrer\" class=\"ss-broken\">https:\/\/ec.europa.eu\/consumers\/odr<\/a>.<br>Please find our email in the impressum\/legal notice.<\/p>\n<p>&nbsp;<\/p>\n<p>We do not take part in online dispute resolutions at consumer arbitration boards.<\/p>\n<h3>Liability for Contents<\/h3>\n<p>As service providers, we are liable for own contents of these websites according to Sec. 7, paragraph 1 German Telemedia Act (TMG). However, according to Sec. 8 to 10 German Telemedia Act (TMG), service providers are not obligated to permanently monitor submitted or stored information or to search for evidences that indicate illegal activities.<\/p>\n<p>Legal obligations to removing information or to blocking the use of information remain unchallenged. In this case, liability is only possible at the time of knowledge about a specific violation of law. Illegal contents will be removed immediately at the time we get knowledge of them.<\/p>\n<h3>Liability for Links<\/h3>\n<p>Our offer includes links to external third party websites. We have no influence on the contents of those websites, therefore we cannot guarantee for those contents. Providers or administrators of linked websites are always responsible for their own contents.<\/p>\n<p>The linked websites had been checked for possible violations of law at the time of the establishment of the link. Illegal contents were not detected at the time of the linking. A permanent monitoring of the contents of linked websites cannot be imposed without reasonable indications that there has been a violation of law. Illegal links will be removed immediately at the time we get knowledge of them.<\/p>\n<h3>Copyright<\/h3>\n<p>Contents and compilations published on these websites by the providers are subject to German copyright laws. Reproduction, editing, distribution as well as the use of any kind outside the scope of the copyright law require a written permission of the author or originator. Downloads and copies of these websites are permitted for private use only.<br>The commercial use of our contents without permission of the originator is prohibited.<\/p>\n<p>Copyright laws of third parties are respected as long as the contents on these websites do not originate from the provider. Contributions of third parties on this site are indicated as such. However, if you notice any violations of copyright law, please inform us. Such contents will be removed immediately.<\/p><\/div><\/div>\n\t\t\t\t\t\t<\/div>\n\t\t\t\t<\/div>\n\t\t\t\t\t<\/div>\n\t\t<\/div>\n\t\t\t\t\t<\/div>\n\t\t<\/section>\n\t\t\t\t<\/div>","protected":false},"excerpt":{"rendered":"<p>Imprint<\/p>","protected":false},"author":1,"featured_media":0,"parent":0,"menu_order":90,"comment_status":"closed","ping_status":"closed","template":"elementor_header_footer","meta":{"footnotes":""},"class_list":["post-489","page","type-page","status-publish","hentry"],"yoast_head":"<!-- This site is optimized with the Yoast SEO plugin v27.5 - https:\/\/yoast.com\/product\/yoast-seo-wordpress\/ -->\n<title>Impressum - www.visitrans.com<\/title>\n<meta name=\"description\" content=\"VisiFair - Ihr Partner f\u00fcr digitales Messe-Management. Anbieter des smarten Planungs- und Buchungssystems f\u00fcr Ordnung auf dem Messegel\u00e4nde.\" \/>\n<meta name=\"robots\" content=\"index, follow, max-snippet:-1, max-image-preview:large, max-video-preview:-1\" \/>\n<link rel=\"canonical\" href=\"https:\/\/www.visitrans.com\/en\/impressum\/\" \/>\n<meta property=\"og:locale\" content=\"en_US\" \/>\n<meta property=\"og:type\" content=\"article\" \/>\n<meta property=\"og:title\" content=\"Impressum - www.visitrans.com\" \/>\n<meta property=\"og:description\" content=\"VisiFair - Ihr Partner f\u00fcr digitales Messe-Management. Anbieter des smarten Planungs- und Buchungssystems f\u00fcr Ordnung auf dem Messegel\u00e4nde.\" \/>\n<meta property=\"og:url\" content=\"https:\/\/www.visitrans.com\/en\/impressum\/\" \/>\n<meta property=\"og:site_name\" content=\"www.visitrans.com\" \/>\n<meta property=\"article:modified_time\" content=\"2025-01-21T17:59:49+00:00\" \/>\n<meta name=\"twitter:card\" content=\"summary_large_image\" \/>\n<meta name=\"twitter:label1\" content=\"Est. reading time\" \/>\n\t<meta name=\"twitter:data1\" content=\"1 minute\" \/>\n<script type=\"application\/ld+json\" class=\"yoast-schema-graph\">{\"@context\":\"https:\\\/\\\/schema.org\",\"@graph\":[{\"@type\":\"WebPage\",\"@id\":\"https:\\\/\\\/www.visitrans.com\\\/impressum\\\/\",\"url\":\"https:\\\/\\\/www.visitrans.com\\\/impressum\\\/\",\"name\":\"Impressum - www.visitrans.com\",\"isPartOf\":{\"@id\":\"https:\\\/\\\/www.visitrans.com\\\/#website\"},\"datePublished\":\"2021-05-26T13:22:02+00:00\",\"dateModified\":\"2025-01-21T17:59:49+00:00\",\"description\":\"VisiFair - Ihr Partner f\u00fcr digitales Messe-Management. Anbieter des smarten Planungs- und Buchungssystems f\u00fcr Ordnung auf dem Messegel\u00e4nde.\",\"breadcrumb\":{\"@id\":\"https:\\\/\\\/www.visitrans.com\\\/impressum\\\/#breadcrumb\"},\"inLanguage\":\"en-US\",\"potentialAction\":[{\"@type\":\"ReadAction\",\"target\":[\"https:\\\/\\\/www.visitrans.com\\\/impressum\\\/\"]}]},{\"@type\":\"BreadcrumbList\",\"@id\":\"https:\\\/\\\/www.visitrans.com\\\/impressum\\\/#breadcrumb\",\"itemListElement\":[{\"@type\":\"ListItem\",\"position\":1,\"name\":\"Home\",\"item\":\"https:\\\/\\\/www.visitrans.com\\\/\"},{\"@type\":\"ListItem\",\"position\":2,\"name\":\"Impressum\"}]},{\"@type\":\"WebSite\",\"@id\":\"https:\\\/\\\/www.visitrans.com\\\/#website\",\"url\":\"https:\\\/\\\/www.visitrans.com\\\/\",\"name\":\"www.visitrans.com\",\"description\":\"The Logistics Digitizer\",\"publisher\":{\"@id\":\"https:\\\/\\\/www.visitrans.com\\\/#organization\"},\"potentialAction\":[{\"@type\":\"SearchAction\",\"target\":{\"@type\":\"EntryPoint\",\"urlTemplate\":\"https:\\\/\\\/www.visitrans.com\\\/?s={search_term_string}\"},\"query-input\":{\"@type\":\"PropertyValueSpecification\",\"valueRequired\":true,\"valueName\":\"search_term_string\"}}],\"inLanguage\":\"en-US\"},{\"@type\":\"Organization\",\"@id\":\"https:\\\/\\\/www.visitrans.com\\\/#organization\",\"name\":\"VisiFair.com\",\"url\":\"https:\\\/\\\/www.visitrans.com\\\/\",\"logo\":{\"@type\":\"ImageObject\",\"inLanguage\":\"en-US\",\"@id\":\"https:\\\/\\\/www.visitrans.com\\\/#\\\/schema\\\/logo\\\/image\\\/\",\"url\":\"https:\\\/\\\/www.visitrans.com\\\/wp-content\\\/uploads\\\/2021\\\/01\\\/cropped-visifair-logo-1.png\",\"contentUrl\":\"https:\\\/\\\/www.visitrans.com\\\/wp-content\\\/uploads\\\/2021\\\/01\\\/cropped-visifair-logo-1.png\",\"width\":458,\"height\":80,\"caption\":\"VisiFair.com\"},\"image\":{\"@id\":\"https:\\\/\\\/www.visitrans.com\\\/#\\\/schema\\\/logo\\\/image\\\/\"}}]}<\/script>\n<!-- \/ Yoast SEO plugin. -->","yoast_head_json":{"title":"Impressum - www.visitrans.com","description":"VisiFair - Ihr Partner f\u00fcr digitales Messe-Management. Anbieter des smarten Planungs- und Buchungssystems f\u00fcr Ordnung auf dem Messegel\u00e4nde.","robots":{"index":"index","follow":"follow","max-snippet":"max-snippet:-1","max-image-preview":"max-image-preview:large","max-video-preview":"max-video-preview:-1"},"canonical":"https:\/\/www.visitrans.com\/en\/impressum\/","og_locale":"en_US","og_type":"article","og_title":"Impressum - www.visitrans.com","og_description":"VisiFair - Ihr Partner f\u00fcr digitales Messe-Management. Anbieter des smarten Planungs- und Buchungssystems f\u00fcr Ordnung auf dem Messegel\u00e4nde.","og_url":"https:\/\/www.visitrans.com\/en\/impressum\/","og_site_name":"www.visitrans.com","article_modified_time":"2025-01-21T17:59:49+00:00","twitter_card":"summary_large_image","twitter_misc":{"Est. reading time":"1 minute"},"schema":{"@context":"https:\/\/schema.org","@graph":[{"@type":"WebPage","@id":"https:\/\/www.visitrans.com\/impressum\/","url":"https:\/\/www.visitrans.com\/impressum\/","name":"Impressum - www.visitrans.com","isPartOf":{"@id":"https:\/\/www.visitrans.com\/#website"},"datePublished":"2021-05-26T13:22:02+00:00","dateModified":"2025-01-21T17:59:49+00:00","description":"VisiFair - Ihr Partner f\u00fcr digitales Messe-Management. Anbieter des smarten Planungs- und Buchungssystems f\u00fcr Ordnung auf dem Messegel\u00e4nde.","breadcrumb":{"@id":"https:\/\/www.visitrans.com\/impressum\/#breadcrumb"},"inLanguage":"en-US","potentialAction":[{"@type":"ReadAction","target":["https:\/\/www.visitrans.com\/impressum\/"]}]},{"@type":"BreadcrumbList","@id":"https:\/\/www.visitrans.com\/impressum\/#breadcrumb","itemListElement":[{"@type":"ListItem","position":1,"name":"Home","item":"https:\/\/www.visitrans.com\/"},{"@type":"ListItem","position":2,"name":"Impressum"}]},{"@type":"WebSite","@id":"https:\/\/www.visitrans.com\/#website","url":"https:\/\/www.visitrans.com\/","name":"www.visitrans.com","description":"The Logistics Digitizer","publisher":{"@id":"https:\/\/www.visitrans.com\/#organization"},"potentialAction":[{"@type":"SearchAction","target":{"@type":"EntryPoint","urlTemplate":"https:\/\/www.visitrans.com\/?s={search_term_string}"},"query-input":{"@type":"PropertyValueSpecification","valueRequired":true,"valueName":"search_term_string"}}],"inLanguage":"en-US"},{"@type":"Organization","@id":"https:\/\/www.visitrans.com\/#organization","name":"VisiFair.com","url":"https:\/\/www.visitrans.com\/","logo":{"@type":"ImageObject","inLanguage":"en-US","@id":"https:\/\/www.visitrans.com\/#\/schema\/logo\/image\/","url":"https:\/\/www.visitrans.com\/wp-content\/uploads\/2021\/01\/cropped-visifair-logo-1.png","contentUrl":"https:\/\/www.visitrans.com\/wp-content\/uploads\/2021\/01\/cropped-visifair-logo-1.png","width":458,"height":80,"caption":"VisiFair.com"},"image":{"@id":"https:\/\/www.visitrans.com\/#\/schema\/logo\/image\/"}}]}},"_links":{"self":[{"href":"https:\/\/www.visitrans.com\/en\/wp-json\/wp\/v2\/pages\/489","targetHints":{"allow":["GET"]}}],"collection":[{"href":"https:\/\/www.visitrans.com\/en\/wp-json\/wp\/v2\/pages"}],"about":[{"href":"https:\/\/www.visitrans.com\/en\/wp-json\/wp\/v2\/types\/page"}],"author":[{"embeddable":true,"href":"https:\/\/www.visitrans.com\/en\/wp-json\/wp\/v2\/users\/1"}],"replies":[{"embeddable":true,"href":"https:\/\/www.visitrans.com\/en\/wp-json\/wp\/v2\/comments?post=489"}],"version-history":[{"count":79,"href":"https:\/\/www.visitrans.com\/en\/wp-json\/wp\/v2\/pages\/489\/revisions"}],"predecessor-version":[{"id":3157,"href":"https:\/\/www.visitrans.com\/en\/wp-json\/wp\/v2\/pages\/489\/revisions\/3157"}],"wp:attachment":[{"href":"https:\/\/www.visitrans.com\/en\/wp-json\/wp\/v2\/media?parent=489"}],"curies":[{"name":"wp","href":"https:\/\/api.w.org\/{rel}","templated":true}]}}